{"id":80,"date":"2019-01-13T14:54:16","date_gmt":"2019-01-13T13:54:16","guid":{"rendered":"http:\/\/wp.hifp.de\/?page_id=80"},"modified":"2023-07-25T19:16:43","modified_gmt":"2023-07-25T17:16:43","slug":"profile","status":"publish","type":"page","link":"https:\/\/hifp.de\/?page_id=80","title":{"rendered":"Profile \u00dcbersicht"},"content":{"rendered":"\n<p>Wir sind Lehrkr\u00e4fte, Psychologen und Diplomp\u00e4dagogen mit vielf\u00e4ltigen beruflichen Erfahrungen. Wir haben alle lange Berufserfahrung  im Bildungs- und Beratungszentrum f\u00fcr P\u00e4dagogik bei Krankheit\/Autismus (BBZ) und dem Landesinsitut f\u00fcr Lehrerbildung (LI) in Hamburg sowie der (Klinik-) Schule im Heithof in Hamm (NRW)<br>Zudem sind wir alle seit Jahren in der Lehrerfortbildung t\u00e4tig.<\/p>\n","protected":false},"excerpt":{"rendered":"<p>Wir sind Lehrkr\u00e4fte, Psychologen und Diplomp\u00e4dagogen mit vielf\u00e4ltigen beruflichen Erfahrungen. Wir haben alle lange Berufserfahrung im Bildungs- und Beratungszentrum f\u00fcr P\u00e4dagogik bei Krankheit\/Autismus (BBZ) und dem Landesinsitut f\u00fcr Lehrerbildung (LI) in Hamburg sowie der (Klinik-) Schule im Heithof in Hamm (NRW)Zudem sind wir alle seit Jahren in der Lehrerfortbildung t\u00e4tig.<\/p>\n","protected":false},"author":1,"featured_media":0,"parent":0,"menu_order":0,"comment_status":"closed","ping_status":"closed","template":"page-profile_Uebersicht.php","meta":{"_acf_changed":false,"footnotes":""},"class_list":["post-80","page","type-page","status-publish","hentry"],"acf":[],"_links":{"self":[{"href":"https:\/\/hifp.de\/index.php?rest_route=\/wp\/v2\/pages\/80","targetHints":{"allow":["GET"]}}],"collection":[{"href":"https:\/\/hifp.de\/index.php?rest_route=\/wp\/v2\/pages"}],"about":[{"href":"https:\/\/hifp.de\/index.php?rest_route=\/wp\/v2\/types\/page"}],"author":[{"embeddable":true,"href":"https:\/\/hifp.de\/index.php?rest_route=\/wp\/v2\/users\/1"}],"replies":[{"embeddable":true,"href":"https:\/\/hifp.de\/index.php?rest_route=%2Fwp%2Fv2%2Fcomments&post=80"}],"version-history":[{"count":7,"href":"https:\/\/hifp.de\/index.php?rest_route=\/wp\/v2\/pages\/80\/revisions"}],"predecessor-version":[{"id":538,"href":"https:\/\/hifp.de\/index.php?rest_route=\/wp\/v2\/pages\/80\/revisions\/538"}],"wp:attachment":[{"href":"https:\/\/hifp.de\/index.php?rest_route=%2Fwp%2Fv2%2Fmedia&parent=80"}],"curies":[{"name":"wp","href":"https:\/\/api.w.org\/{rel}","templated":true}]}}